{"id":1565,"date":"2021-09-19T15:44:36","date_gmt":"2021-09-19T15:44:36","guid":{"rendered":"https:\/\/iclcaconf.com\/2022\/?page_id=1565"},"modified":"2022-10-17T05:57:53","modified_gmt":"2022-10-17T05:57:53","slug":"committee-2","status":"publish","type":"page","link":"https:\/\/iclcaconf.com\/2022\/committee-2\/","title":{"rendered":"Committee #2"},"content":{"rendered":"<p>[et_pb_section fb_built=&#8221;1&#8243; fullwidth=&#8221;on&#8221; admin_label=&#8221;Header&#8221; _builder_version=&#8221;4.0.5&#8243; background_color=&#8221;#1fe0ba&#8221; use_background_color_gradient=&#8221;on&#8221; background_color_gradient_start=&#8221;#0b7a7a&#8221; background_enable_image=&#8221;off&#8221; parallax=&#8221;on&#8221; custom_padding=&#8221;|||&#8221; animation_style=&#8221;slide&#8221; animation_direction=&#8221;top&#8221; animation_intensity_slide=&#8221;2%&#8221;][et_pb_fullwidth_header title=&#8221;Organizing Committee&#8221; background_overlay_color=&#8221;rgba(255,255,255,0.6)&#8221; content_max_width=&#8221;700px&#8221; content_max_width_tablet=&#8221;100%&#8221; content_max_width_phone=&#8221;&#8221; content_max_width_last_edited=&#8221;on|desktop&#8221; _builder_version=&#8221;4.0.5&#8243; title_font=&#8221;Roboto|300|||||||&#8221; title_font_size=&#8221;54px&#8221; title_line_height=&#8221;3em&#8221; content_font=&#8221;||||||||&#8221; content_font_size=&#8221;17px&#8221; content_line_height=&#8221;1.9em&#8221; subhead_font=&#8221;|600|||||||&#8221; subhead_font_size=&#8221;20px&#8221; subhead_line_height=&#8221;1.8em&#8221; background_color=&#8221;rgba(255,255,255,0.3)&#8221; background_image=&#8221;https:\/\/iclcaconf.com\/2022\/wp-content\/uploads\/2019\/11\/dots-3.png&#8221; custom_button_one=&#8221;on&#8221; button_one_text_size=&#8221;14px&#8221; button_one_text_color=&#8221;#ffffff&#8221; button_one_bg_color=&#8221;#8300e9&#8243; button_one_bg_color_gradient_start=&#8221;#d883f8&#8243; button_one_bg_color_gradient_end=&#8221;#352DBE&#8221; button_one_bg_color_gradient_direction=&#8221;90deg&#8221; button_one_border_width=&#8221;10px&#8221; button_one_border_color=&#8221;rgba(0,0,0,0)&#8221; button_one_border_radius=&#8221;100px&#8221; button_one_letter_spacing=&#8221;3px&#8221; button_one_font=&#8221;Roboto|700||on|||||&#8221; custom_button_two=&#8221;on&#8221; button_two_text_size=&#8221;14px&#8221; button_two_text_color=&#8221;#ffffff&#8221; button_two_bg_color=&#8221;#06c8ff&#8221; button_two_border_width=&#8221;10px&#8221; button_two_border_color=&#8221;rgba(0,0,0,0)&#8221; button_two_border_radius=&#8221;100px&#8221; button_two_letter_spacing=&#8221;3px&#8221; button_two_font=&#8221;Roboto|700||on|||||&#8221; background_layout=&#8221;light&#8221; custom_margin=&#8221;||||false&#8221; custom_padding=&#8221;0vw||0vw||true|false&#8221; custom_padding_tablet=&#8221;250px||250px||true&#8221; custom_padding_last_edited=&#8221;off|desktop&#8221; title_font_size_tablet=&#8221;40px&#8221; title_font_size_phone=&#8221;32px&#8221; title_font_size_last_edited=&#8221;on|desktop&#8221; button_one_text_color_hover=&#8221;#ffffff&#8221; button_two_text_color_hover=&#8221;#ffffff&#8221; button_one_letter_spacing_hover=&#8221;3px&#8221; button_two_letter_spacing_hover=&#8221;3px&#8221; button_one_text_size__hover_enabled=&#8221;off&#8221; button_two_text_size__hover_enabled=&#8221;off&#8221; button_one_text_color__hover_enabled=&#8221;on&#8221; button_one_text_color__hover=&#8221;#ffffff&#8221; button_two_text_color__hover_enabled=&#8221;on&#8221; button_two_text_color__hover=&#8221;#ffffff&#8221; button_one_border_width__hover_enabled=&#8221;off&#8221; button_two_border_width__hover_enabled=&#8221;off&#8221; button_one_border_color__hover_enabled=&#8221;off&#8221; button_two_border_color__hover_enabled=&#8221;off&#8221; button_one_border_radius__hover_enabled=&#8221;off&#8221; button_two_border_radius__hover_enabled=&#8221;off&#8221; button_one_letter_spacing__hover_enabled=&#8221;on&#8221; button_one_letter_spacing__hover=&#8221;3px&#8221; button_two_letter_spacing__hover_enabled=&#8221;on&#8221; button_two_letter_spacing__hover=&#8221;3px&#8221; button_one_bg_color__hover_enabled=&#8221;off&#8221; button_two_bg_color__hover_enabled=&#8221;off&#8221;][\/et_pb_fullwidth_header][\/et_pb_section][et_pb_section fb_built=&#8221;1&#8243; custom_padding_last_edited=&#8221;on|tablet&#8221; admin_label=&#8221;Schedule&#8221; _builder_version=&#8221;4.0.5&#8243; background_color=&#8221;#ffffff&#8221; background_color_gradient_direction=&#8221;90deg&#8221; background_enable_image=&#8221;off&#8221; background_size=&#8221;initial&#8221; background_position=&#8221;top_right&#8221; max_width_tablet=&#8221;&#8221; max_width_phone=&#8221;100%&#8221; max_width_last_edited=&#8221;on|phone&#8221; custom_margin=&#8221;|||&#8221; custom_padding=&#8221;7px|10vw||||&#8221; custom_padding_tablet=&#8221;|0vw||&#8221; custom_padding_phone=&#8221;&#8221; border_color_all=&#8221;#ffffff&#8221; border_width_left=&#8221;10vw&#8221; locked=&#8221;off&#8221;][et_pb_row _builder_version=&#8221;4.0.5&#8243; custom_margin_tablet=&#8221;|||&#8221; custom_margin_phone=&#8221;|||&#8221; custom_margin_last_edited=&#8221;on|desktop&#8221; animation_style=&#8221;zoom&#8221; animation_direction=&#8221;top&#8221; animation_intensity_zoom=&#8221;10%&#8221; border_color_all=&#8221;rgba(51,51,51,0.05)&#8221; border_width_bottom=&#8221;2px&#8221; custom_padding=&#8221;||6px|||&#8221;][et_pb_column type=&#8221;4_4&#8243; _builder_version=&#8221;3.25&#8243; custom_padding=&#8221;|||&#8221; custom_padding__hover=&#8221;|||&#8221;][et_pb_text _builder_version=&#8221;4.0.5&#8243; min_height=&#8221;621px&#8221; custom_padding=&#8221;||9px|||&#8221; hover_enabled=&#8221;0&#8243; custom_margin=&#8221;||-69px|||&#8221;]<\/p>\n<h3 style=\"text-align: left;\"><strong><span color=\"#000000\" style=\"color: #0000ff;\">COMMITTEE MEMBERS<\/span><\/strong><\/h3>\n<p><span color=\"#000000\" style=\"color: #0000ff;\"><b><\/b><\/span><\/p>\n<h5><strong><span style=\"color: #3366ff;\">Chairs<\/span><\/strong><\/h5>\n<p><span style=\"color: #000000;\"><span>Kathleen AVISO, PH<\/span><\/span><\/p>\n<p><span style=\"color: #000000; font-size: 14px;\">Chin Siong HO, MY<\/span><\/p>\n<h5><span style=\"color: #3366ff;\"><strong>Co-Chairs<\/strong><\/span><\/h5>\n<p><span style=\"color: #000000;\">Alvin CULABA, PH<\/span><br \/> <span style=\"color: #000000;\">Michael Francis BENJAMIN, PH<\/span><br \/> <span style=\"color: #000000;\">Chew Tin LEE, MY<\/span><br \/> <span style=\"color: #000000;\"> Haslenda HASHIM, MY<\/span><\/p>\n<h5><strong><span style=\"color: #3366ff;\">Secretariat<\/span><\/strong><\/h5>\n<p><span style=\"color: #000000;\"><span>Maria Victoria Migo-Sumagang<\/span>\u00a0, PH<\/span><br \/> <span style=\"color: #000000;\">Zurina MOHAMAD, MY<\/span><br \/> <span style=\"color: #000000;\"> Mazura JUSOH, MY<\/span><br \/> <span style=\"color: #000000;\"> Jeng Shiun LIM, MY<\/span><\/p>\n<h5><span style=\"color: #3366ff;\"><strong>Committees<\/strong><\/span><\/h5>\n<p><span>Marla REDILLAS\u00a0, PH<\/span><br \/><span>Wai Shin HO, MY<\/span><br \/> <span> Nor Alafiza YUNUS, MY<\/span><br \/><span>Loon Wai CHAU, MY<\/span><\/p>\n<p><span style=\"color: #000000;\"><\/span><\/p>\n<p>[\/et_pb_text][et_pb_text _builder_version=&#8221;4.0.5&#8243; min_height=&#8221;82px&#8221; custom_margin=&#8221;31px|||||&#8221; custom_padding=&#8221;||0px|||&#8221;]<\/p>\n<p style=\"text-align: left;\"><span style=\"font-size: 14px;\">\u00a0<\/span><\/p>\n<p style=\"text-align: left;\"><span color=\"#000000\" style=\"color: #000000;\"><b><\/b><\/span><\/p>\n<p>&nbsp;<\/p>\n<h3 style=\"text-align: left;\"><span color=\"#000000\" style=\"color: #0000ff;\"><b>Thematic Session Chairs<\/b><\/span><\/h3>\n<p>[\/et_pb_text][\/et_pb_column][\/et_pb_row][et_pb_row column_structure=&#8221;1_3,1_3,1_3&#8243; _builder_version=&#8221;3.25&#8243; custom_margin_tablet=&#8221;|||&#8221; custom_margin_phone=&#8221;|||&#8221; custom_margin_last_edited=&#8221;on|desktop&#8221; animation_style=&#8221;zoom&#8221; animation_direction=&#8221;top&#8221; animation_intensity_zoom=&#8221;10%&#8221; border_color_all=&#8221;rgba(51,51,51,0.05)&#8221; border_width_bottom=&#8221;2px&#8221;][et_pb_column type=&#8221;1_3&#8243; _builder_version=&#8221;3.25&#8243; custom_padding=&#8221;|||&#8221; custom_padding__hover=&#8221;|||&#8221;][et_pb_text _builder_version=&#8221;4.0.5&#8243; min_height=&#8221;39px&#8221; custom_padding=&#8221;||0px|||&#8221;]<\/p>\n<p style=\"text-align: left;\"><span style=\"color: #000080;\"><strong>Urban Planning &amp; Smart Cities<\/strong><\/span><\/p>\n<p>[\/et_pb_text][et_pb_image src=&#8221;https:\/\/iclcaconf.com\/2022\/wp-content\/uploads\/2019\/11\/urban-planning.jpg&#8221; _builder_version=&#8221;4.0.5&#8243; width=&#8221;60%&#8221;][\/et_pb_image][et_pb_text _builder_version=&#8221;4.0.5&#8243; custom_padding=&#8221;0px|||||&#8221;]<\/p>\n<ul>\n<li><span><\/span><b>Xiaobin DONG, CN<span class=\"Apple-converted-space\">\u00a0<\/span><\/b><\/li>\n<li><span><\/span><b>Seungjae LEE, KR<\/b><\/li>\n<li><span><\/span><b>Chin Siong HO, MY<\/b><\/li>\n<li><span><\/span><b>Loon Wai CHAU, MY<\/b><\/li>\n<\/ul>\n<p>[\/et_pb_text][\/et_pb_column][et_pb_column type=&#8221;1_3&#8243; _builder_version=&#8221;3.25&#8243; custom_padding=&#8221;|||&#8221; custom_padding__hover=&#8221;|||&#8221;][et_pb_text _builder_version=&#8221;4.0.5&#8243; min_height=&#8221;39px&#8221; custom_padding=&#8221;||0px|||&#8221;]<\/p>\n<p style=\"text-align: left;\"><span style=\"color: #000080;\"><strong>Sustainable Energy <\/strong><strong>Systems<\/strong><\/span><\/p>\n<p>[\/et_pb_text][et_pb_image src=&#8221;https:\/\/iclcaconf.com\/2022\/wp-content\/uploads\/2019\/11\/sustain-energy.jpg&#8221; _builder_version=&#8221;4.0.5&#8243; width=&#8221;60%&#8221;][\/et_pb_image][et_pb_text _builder_version=&#8221;4.0.5&#8243; custom_padding=&#8221;0px|||||&#8221;]<\/p>\n<ul>\n<li><span><\/span><span><b>Cheng Tung CHONG, CN<span class=\"Apple-converted-space\">\u00a0<\/span><\/b><\/span><\/li>\n<li><span><\/span><span><b>Alvin CULABA, PH<\/b><\/span><\/li>\n<li><span><\/span><span><b>Michael Francis D. BENJAMIN, PH<\/b><\/span><\/li>\n<li><span><\/span><span><b>Phongthep HANPATTANAKIT, TH<\/b><\/span><\/li>\n<\/ul>\n<p>[\/et_pb_text][\/et_pb_column][et_pb_column type=&#8221;1_3&#8243; _builder_version=&#8221;3.25&#8243; custom_padding=&#8221;|||&#8221; custom_padding__hover=&#8221;|||&#8221;][et_pb_text _builder_version=&#8221;4.0.5&#8243; min_height=&#8221;58px&#8221;]<\/p>\n<p style=\"text-align: left;\"><span style=\"color: #000080;\"><strong>Sustainable Waste &amp; Water Management<\/strong><\/span><\/p>\n<p>[\/et_pb_text][et_pb_image src=&#8221;https:\/\/iclcaconf.com\/2022\/wp-content\/uploads\/2019\/11\/urban-waste.jpg&#8221; _builder_version=&#8221;4.0.5&#8243; width=&#8221;60%&#8221; custom_margin=&#8221;-20px|||||&#8221;][\/et_pb_image][et_pb_text _builder_version=&#8221;4.0.5&#8243;]<\/p>\n<ul>\n<li><span><\/span><span><b>Joni Adiansyah, ID<\/b><\/span><\/li>\n<li><span><\/span><span><b>Takeshi FUJIWARA, JP<\/b><\/span><\/li>\n<li><span><\/span><span><b>Kok Sin WOON, MY<span class=\"Apple-converted-space\">\u00a0<\/span><\/b><\/span><\/li>\n<li><span><\/span><span><b>Maria Victoria Migo-Sumagang, PH<\/b><\/span><\/li>\n<\/ul>\n<p>[\/et_pb_text][\/et_pb_column][\/et_pb_row][et_pb_row column_structure=&#8221;1_3,1_3,1_3&#8243; _builder_version=&#8221;3.25&#8243; custom_margin=&#8221;-5px|9px||auto||&#8221; custom_margin_tablet=&#8221;|||&#8221; custom_margin_phone=&#8221;|||&#8221; custom_margin_last_edited=&#8221;on|desktop&#8221; animation_style=&#8221;zoom&#8221; animation_direction=&#8221;top&#8221; animation_intensity_zoom=&#8221;10%&#8221; border_color_all=&#8221;rgba(51,51,51,0.05)&#8221; border_width_bottom=&#8221;2px&#8221;][et_pb_column type=&#8221;1_3&#8243; _builder_version=&#8221;3.25&#8243; custom_padding=&#8221;|||&#8221; custom_padding__hover=&#8221;|||&#8221;][et_pb_text _builder_version=&#8221;4.0.5&#8243; min_height=&#8221;39px&#8221; custom_padding=&#8221;||0px|||&#8221;]<\/p>\n<p style=\"text-align: left;\"><span style=\"color: #000080;\"><strong>Agriculture &amp; Food Production<\/strong><\/span><\/p>\n<p>[\/et_pb_text][et_pb_image src=&#8221;https:\/\/iclcaconf.com\/2022\/wp-content\/uploads\/2019\/11\/agriculture.jpg&#8221; _builder_version=&#8221;4.0.5&#8243; width=&#8221;60%&#8221;][\/et_pb_image][et_pb_text _builder_version=&#8221;4.0.5&#8243;]<\/p>\n<ul>\n<li><span><\/span><span><b>Chunjie LI, CN<span class=\"Apple-converted-space\">\u00a0<\/span><\/b><\/span><\/li>\n<li><span><\/span><span><b>Sheng ZHOU, CN<\/b><\/span><\/li>\n<li><span><\/span><span><b>Yee Van FAN, CZ<span class=\"Apple-converted-space\">\u00a0<\/span><\/b><\/span><\/li>\n<li><span><\/span><span><b>Hoang Anh HOANG, VN<\/b><\/span><\/li>\n<\/ul>\n<p>[\/et_pb_text][\/et_pb_column][et_pb_column type=&#8221;1_3&#8243; _builder_version=&#8221;3.25&#8243; custom_padding=&#8221;|||&#8221; custom_padding__hover=&#8221;|||&#8221;][et_pb_text _builder_version=&#8221;4.0.5&#8243; min_height=&#8221;39px&#8221; custom_padding=&#8221;||0px|||&#8221;]<\/p>\n<p style=\"text-align: left;\"><span color=\"#000000\" style=\"color: #000080;\"><b>Methodology<\/b><\/span><\/p>\n<p>[\/et_pb_text][et_pb_image src=&#8221;https:\/\/iclcaconf.com\/2022\/wp-content\/uploads\/2019\/11\/circular-economy.png&#8221; _builder_version=&#8221;4.0.5&#8243; width=&#8221;60%&#8221;][\/et_pb_image][et_pb_text _builder_version=&#8221;4.0.5&#8243;]<\/p>\n<ul>\n<li><span><\/span><span><b>Xiongfeng PAN, CN<span class=\"Apple-converted-space\">\u00a0<\/span><\/b><\/span><\/li>\n<li><span><\/span><span><b>Petar Sabev VARBANOV, CZ<\/b><\/span><\/li>\n<li><span><\/span><span><b>Jeng Shiun LIM, MY<\/b><\/span><\/li>\n<li><span><\/span><span><b>Beatriz A. Belmonte, PH<\/b><\/span><\/li>\n<\/ul>\n<p>[\/et_pb_text][\/et_pb_column][et_pb_column type=&#8221;1_3&#8243; _builder_version=&#8221;3.25&#8243; custom_padding=&#8221;|||&#8221; custom_padding__hover=&#8221;|||&#8221;][et_pb_text _builder_version=&#8221;4.0.5&#8243; min_height=&#8221;58px&#8221;]<\/p>\n<p style=\"text-align: left;\"><span style=\"color: #000080;\"><strong>Cleaner Technology<\/strong><\/span><\/p>\n<p>[\/et_pb_text][et_pb_image src=&#8221;https:\/\/iclcaconf.com\/2022\/wp-content\/uploads\/2019\/11\/clean-technology.jpg&#8221; _builder_version=&#8221;4.0.5&#8243; width=&#8221;60%&#8221; custom_margin=&#8221;-20px|||||&#8221;][\/et_pb_image][et_pb_text _builder_version=&#8221;4.0.5&#8243;]<\/p>\n<ul>\n<li><span><\/span><b>Ji\u0159\u00ed Jarom\u00edr KLEME\u0160, CZ<\/b><\/li>\n<li><span><\/span><b>Wai Shin HO, MY<span class=\"Apple-converted-space\">\u00a0<\/span><\/b><\/li>\n<li><span><\/span><b>Raymond R. TAN, PH<span class=\"Apple-converted-space\">\u00a0<\/span><\/b><\/li>\n<li><span><\/span><b>Phung Kim LE, VN<\/b><\/li>\n<\/ul>\n<p>[\/et_pb_text][\/et_pb_column][\/et_pb_row][\/et_pb_section][et_pb_section fb_built=&#8221;1&#8243; admin_label=&#8221;Get Your Tickets &#038; Get In Touch&#8221; _builder_version=&#8221;3.22&#8243; use_background_color_gradient=&#8221;on&#8221; background_color_gradient_start=&#8221;#06C8FF&#8221; background_color_gradient_end=&#8221;#00B1E4&#8243; background_color_gradient_direction=&#8221;90deg&#8221; custom_margin=&#8221;|||&#8221; custom_padding=&#8221;80px||80px||true|false&#8221; saved_tabs=&#8221;all&#8221;][et_pb_row column_structure=&#8221;1_2,1_2&#8243; _builder_version=&#8221;3.25&#8243;][et_pb_column type=&#8221;1_2&#8243; _builder_version=&#8221;3.25&#8243; custom_padding=&#8221;|||&#8221; custom_padding__hover=&#8221;|||&#8221;][et_pb_text _builder_version=&#8221;4.0.5&#8243; text_font=&#8221;||||||||&#8221; text_font_size=&#8221;16px&#8221; text_line_height=&#8221;1.9em&#8221; header_font=&#8221;||||||||&#8221; header_2_font=&#8221;Roboto|300|||||||&#8221; header_2_font_size=&#8221;50px&#8221; header_2_line_height=&#8221;1.2em&#8221; background_layout=&#8221;dark&#8221; header_2_font_size_tablet=&#8221;40px&#8221; header_2_font_size_phone=&#8221;32px&#8221; header_2_font_size_last_edited=&#8221;on|phone&#8221; locked=&#8221;off&#8221;]<\/p>\n<h2>Get in Touch<\/h2>\n<p><span style=\"font-size: 16px;\"><\/span><\/p>\n<p><span style=\"font-size: 16px;\">De La Salle University<br \/>\n2401 Taft Ave, Malate, Manila, 1004 Metro Manila<br \/>\n<\/span><\/p>\n<p>UTM Low Carbon Asia Research Centre,\u00a0 \u00a0 \u00a0 \u00a0 \u00a0 \u00a0 \u00a0 \u00a0 \u00a0 \u00a0 \u00a0 \u00a0 \u00a0 \u00a0 \u00a0 \u00a0 \u00a0 \u00a0 \u00a0 \u00a0 \u00a0 \u00a0 Universiti Teknologi Malaysia,\u00a0 \u00a0 \u00a0 \u00a0 \u00a0 \u00a0 \u00a0 \u00a0 \u00a0 \u00a0 \u00a0 \u00a0 \u00a0 \u00a0 \u00a0 \u00a0 \u00a0 \u00a0 \u00a0 \u00a0 \u00a0 \u00a0 \u00a0 \u00a0 \u00a0 \u00a0 \u00a0 \u00a0 \u00a0 \u00a0 \u00a0 81310 Johor Bahru, Johor, MALAYSIA<span style=\"font-size: 16px;\">\u00a0<\/span>[\/et_pb_text][et_pb_social_media_follow _builder_version=&#8221;4.0.5&#8243; custom_button=&#8221;on&#8221; button_text_size=&#8221;19px&#8221; button_text_color=&#8221;#000000&#8243;][et_pb_social_media_follow_network social_network=&#8221;facebook&#8221; url=&#8221;https:\/\/www.facebook.com\/iclcaconf&#8221; icon_color=&#8221;#ffffff&#8221; use_icon_font_size=&#8221;on&#8221; icon_font_size=&#8221;17px&#8221; _builder_version=&#8221;4.0.5&#8243; background_color=&#8221;#3b5998&#8243; custom_button=&#8221;on&#8221; button_text_size=&#8221;1px&#8221; button_text_color=&#8221;rgba(0,0,0,0)&#8221; follow_button=&#8221;off&#8221; url_new_window=&#8221;on&#8221;]facebook[\/et_pb_social_media_follow_network][\/et_pb_social_media_follow][\/et_pb_column][et_pb_column type=&#8221;1_2&#8243; _builder_version=&#8221;3.25&#8243; custom_padding=&#8221;|||&#8221; custom_padding__hover=&#8221;|||&#8221;][et_pb_contact_form captcha=&#8221;off&#8221; email=&#8221;secretariat@iclcaconf.com&#8221; custom_message=&#8221;The recipient email is : %%email%%||et_pb_line_break_holder||||et_pb_line_break_holder||The message is : %%message%%&#8221; submit_button_text=&#8221;Send Messages&#8221; module_id=&#8221;et_pb_contact_form_0&#8243; _builder_version=&#8221;4.0.5&#8243; form_field_background_color=&#8221;rgba(255,255,255,0.16)&#8221; title_level=&#8221;h2&#8243; title_font=&#8221;Roboto|300|||||||&#8221; title_text_color=&#8221;#ffffff&#8221; title_font_size=&#8221;50px&#8221; title_line_height=&#8221;1.4em&#8221; form_field_font=&#8221;Roboto||||||||&#8221; form_field_font_size=&#8221;20px&#8221; form_field_line_height=&#8221;1.9em&#8221; custom_button=&#8221;on&#8221; button_text_size=&#8221;14px&#8221; button_text_color=&#8221;#04bff4&#8243; button_bg_color=&#8221;#ffffff&#8221; button_border_width=&#8221;10px&#8221; button_border_color=&#8221;rgba(0,0,0,0)&#8221; button_border_radius=&#8221;100px&#8221; button_letter_spacing=&#8221;3px&#8221; button_font=&#8221;Roboto|700||on|||||&#8221; title_font_size_tablet=&#8221;40px&#8221; title_font_size_phone=&#8221;32px&#8221; title_font_size_last_edited=&#8221;on|phone&#8221; form_background_color=&#8221;rgba(255,255,255,0.16)&#8221; button_letter_spacing_hover=&#8221;3px&#8221;][et_pb_contact_field field_id=&#8221;Name&#8221; field_title=&#8221;Name&#8221; _builder_version=&#8221;3.16&#8243; form_field_text_color=&#8221;#ffffff&#8221; form_field_font_size=&#8221;16px&#8221; border_color_all=&#8221;#ffffff&#8221; button_text_size__hover_enabled=&#8221;off&#8221; button_one_text_size__hover_enabled=&#8221;off&#8221; button_two_text_size__hover_enabled=&#8221;off&#8221; button_text_color__hover_enabled=&#8221;off&#8221; button_one_text_color__hover_enabled=&#8221;off&#8221; button_two_text_color__hover_enabled=&#8221;off&#8221; button_border_width__hover_enabled=&#8221;off&#8221; button_one_border_width__hover_enabled=&#8221;off&#8221; button_two_border_width__hover_enabled=&#8221;off&#8221; button_border_color__hover_enabled=&#8221;off&#8221; button_one_border_color__hover_enabled=&#8221;off&#8221; button_two_border_color__hover_enabled=&#8221;off&#8221; button_border_radius__hover_enabled=&#8221;off&#8221; button_one_border_radius__hover_enabled=&#8221;off&#8221; button_two_border_radius__hover_enabled=&#8221;off&#8221; button_letter_spacing__hover_enabled=&#8221;off&#8221; button_one_letter_spacing__hover_enabled=&#8221;off&#8221; button_two_letter_spacing__hover_enabled=&#8221;off&#8221; button_bg_color__hover_enabled=&#8221;off&#8221; button_one_bg_color__hover_enabled=&#8221;off&#8221; button_two_bg_color__hover_enabled=&#8221;off&#8221;][\/et_pb_contact_field][et_pb_contact_field field_id=&#8221;Email&#8221; field_title=&#8221;Email Address&#8221; field_type=&#8221;email&#8221; _builder_version=&#8221;4.0.5&#8243; form_field_text_color=&#8221;#ffffff&#8221; form_field_font_size=&#8221;16px&#8221; border_color_all=&#8221;#ffffff&#8221; button_text_size__hover_enabled=&#8221;off&#8221; button_one_text_size__hover_enabled=&#8221;off&#8221; button_two_text_size__hover_enabled=&#8221;off&#8221; button_text_color__hover_enabled=&#8221;off&#8221; button_one_text_color__hover_enabled=&#8221;off&#8221; button_two_text_color__hover_enabled=&#8221;off&#8221; button_border_width__hover_enabled=&#8221;off&#8221; button_one_border_width__hover_enabled=&#8221;off&#8221; button_two_border_width__hover_enabled=&#8221;off&#8221; button_border_color__hover_enabled=&#8221;off&#8221; button_one_border_color__hover_enabled=&#8221;off&#8221; button_two_border_color__hover_enabled=&#8221;off&#8221; button_border_radius__hover_enabled=&#8221;off&#8221; button_one_border_radius__hover_enabled=&#8221;off&#8221; button_two_border_radius__hover_enabled=&#8221;off&#8221; button_letter_spacing__hover_enabled=&#8221;off&#8221; button_one_letter_spacing__hover_enabled=&#8221;off&#8221; button_two_letter_spacing__hover_enabled=&#8221;off&#8221; button_bg_color__hover_enabled=&#8221;off&#8221; button_one_bg_color__hover_enabled=&#8221;off&#8221; button_two_bg_color__hover_enabled=&#8221;off&#8221;][\/et_pb_contact_field][et_pb_contact_field field_id=&#8221;Message&#8221; field_title=&#8221;Message&#8221; field_type=&#8221;text&#8221; fullwidth_field=&#8221;on&#8221; _builder_version=&#8221;3.16&#8243; form_field_text_color=&#8221;#ffffff&#8221; form_field_font_size=&#8221;16px&#8221; border_color_all=&#8221;#ffffff&#8221; button_text_size__hover_enabled=&#8221;off&#8221; button_one_text_size__hover_enabled=&#8221;off&#8221; button_two_text_size__hover_enabled=&#8221;off&#8221; button_text_color__hover_enabled=&#8221;off&#8221; button_one_text_color__hover_enabled=&#8221;off&#8221; button_two_text_color__hover_enabled=&#8221;off&#8221; button_border_width__hover_enabled=&#8221;off&#8221; button_one_border_width__hover_enabled=&#8221;off&#8221; button_two_border_width__hover_enabled=&#8221;off&#8221; button_border_color__hover_enabled=&#8221;off&#8221; button_one_border_color__hover_enabled=&#8221;off&#8221; button_two_border_color__hover_enabled=&#8221;off&#8221; button_border_radius__hover_enabled=&#8221;off&#8221; button_one_border_radius__hover_enabled=&#8221;off&#8221; button_two_border_radius__hover_enabled=&#8221;off&#8221; button_letter_spacing__hover_enabled=&#8221;off&#8221; button_one_letter_spacing__hover_enabled=&#8221;off&#8221; button_two_letter_spacing__hover_enabled=&#8221;off&#8221; button_bg_color__hover_enabled=&#8221;off&#8221; button_one_bg_color__hover_enabled=&#8221;off&#8221; button_two_bg_color__hover_enabled=&#8221;off&#8221;][\/et_pb_contact_field][\/et_pb_contact_form][\/et_pb_column][\/et_pb_row][\/et_pb_section]<\/p>\n","protected":false},"excerpt":{"rendered":"<p>[et_pb_section fb_built=&#8221;1&#8243; fullwidth=&#8221;on&#8221; admin_label=&#8221;Header&#8221; _builder_version=&#8221;4.0.5&#8243; background_color=&#8221;#1fe0ba&#8221; use_background_color_gradient=&#8221;on&#8221; background_color_gradient_start=&#8221;#0b7a7a&#8221; background_enable_image=&#8221;off&#8221; parallax=&#8221;on&#8221; custom_padding=&#8221;|||&#8221; animation_style=&#8221;slide&#8221; animation_direction=&#8221;top&#8221; animation_intensity_slide=&#8221;2%&#8221;][et_pb_fullwidth_header title=&#8221;Organizing Committee&#8221; background_overlay_color=&#8221;rgba(255,255,255,0.6)&#8221; content_max_width=&#8221;700px&#8221; content_max_width_tablet=&#8221;100%&#8221; content_max_width_phone=&#8221;&#8221; content_max_width_last_edited=&#8221;on|desktop&#8221; _builder_version=&#8221;4.0.5&#8243; title_font=&#8221;Roboto|300|||||||&#8221; title_font_size=&#8221;54px&#8221; title_line_height=&#8221;3em&#8221; content_font=&#8221;||||||||&#8221; content_font_size=&#8221;17px&#8221; content_line_height=&#8221;1.9em&#8221; subhead_font=&#8221;|600|||||||&#8221; subhead_font_size=&#8221;20px&#8221; subhead_line_height=&#8221;1.8em&#8221; background_color=&#8221;rgba(255,255,255,0.3)&#8221; background_image=&#8221;https:\/\/iclcaconf.com\/2022\/wp-content\/uploads\/2019\/11\/dots-3.png&#8221; custom_button_one=&#8221;on&#8221; button_one_text_size=&#8221;14px&#8221; button_one_text_color=&#8221;#ffffff&#8221; button_one_bg_color=&#8221;#8300e9&#8243; button_one_bg_color_gradient_start=&#8221;#d883f8&#8243; button_one_bg_color_gradient_end=&#8221;#352DBE&#8221; button_one_bg_color_gradient_direction=&#8221;90deg&#8221; button_one_border_width=&#8221;10px&#8221; button_one_border_color=&#8221;rgba(0,0,0,0)&#8221; button_one_border_radius=&#8221;100px&#8221; button_one_letter_spacing=&#8221;3px&#8221; button_one_font=&#8221;Roboto|700||on|||||&#8221; custom_button_two=&#8221;on&#8221; button_two_text_size=&#8221;14px&#8221; button_two_text_color=&#8221;#ffffff&#8221; button_two_bg_color=&#8221;#06c8ff&#8221; button_two_border_width=&#8221;10px&#8221; button_two_border_color=&#8221;rgba(0,0,0,0)&#8221; button_two_border_radius=&#8221;100px&#8221; button_two_letter_spacing=&#8221;3px&#8221; button_two_font=&#8221;Roboto|700||on|||||&#8221; background_layout=&#8221;light&#8221; [&hellip;]<\/p>\n","protected":false},"author":2,"featured_media":0,"parent":0,"menu_order":0,"comment_status":"closed","ping_status":"closed","template":"","meta":{"_et_pb_use_builder":"on","_et_pb_old_content":"","footnotes":""},"class_list":["post-1565","page","type-page","status-publish","hentry"],"_links":{"self":[{"href":"https:\/\/iclcaconf.com\/2022\/wp-json\/wp\/v2\/pages\/1565","targetHints":{"allow":["GET"]}}],"collection":[{"href":"https:\/\/iclcaconf.com\/2022\/wp-json\/wp\/v2\/pages"}],"about":[{"href":"https:\/\/iclcaconf.com\/2022\/wp-json\/wp\/v2\/types\/page"}],"author":[{"embeddable":true,"href":"https:\/\/iclcaconf.com\/2022\/wp-json\/wp\/v2\/users\/2"}],"replies":[{"embeddable":true,"href":"https:\/\/iclcaconf.com\/2022\/wp-json\/wp\/v2\/comments?post=1565"}],"version-history":[{"count":19,"href":"https:\/\/iclcaconf.com\/2022\/wp-json\/wp\/v2\/pages\/1565\/revisions"}],"predecessor-version":[{"id":2092,"href":"https:\/\/iclcaconf.com\/2022\/wp-json\/wp\/v2\/pages\/1565\/revisions\/2092"}],"wp:attachment":[{"href":"https:\/\/iclcaconf.com\/2022\/wp-json\/wp\/v2\/media?parent=1565"}],"curies":[{"name":"wp","href":"https:\/\/api.w.org\/{rel}","templated":true}]}}